{"id":28,"date":"2026-05-06T13:52:07","date_gmt":"2026-05-06T13:52:07","guid":{"rendered":"https:\/\/test.gokonnekt.ch\/?page_id=28"},"modified":"2026-05-06T13:52:07","modified_gmt":"2026-05-06T13:52:07","slug":"produkte","status":"publish","type":"page","link":"https:\/\/test.gokonnekt.ch\/?page_id=28","title":{"rendered":"Produkte"},"content":{"rendered":"\n<!-- PAGE HERO -->\n<section style=\"background:var(--bk-surface);padding:6rem clamp(1rem,4vw,3rem) 4rem;border-bottom:1px solid var(--bk-border);\">\n  <div style=\"max-width:1200px;margin:0 auto;\">\n    <span class=\"berger-label berger-animate\">Unser Sortiment<\/span>\n    <h1 class=\"berger-animate\" data-delay=\"1\" style=\"font-size:clamp(2.5rem,5vw,4rem);line-height:1.1;max-width:600px;margin-top:0.5rem;\">Nat\u00fcrlich. Aromatisch. Bek\u00f6mmlich.<\/h1>\n    <p class=\"berger-animate\" data-delay=\"2\" style=\"color:var(--bk-muted);font-size:1.125rem;max-width:52ch;margin-top:1.25rem;\">Alle unsere Produkte sind koffeinfrei und werden mit h\u00f6chster Sorgfalt aus nat\u00fcrlichen Zutaten hergestellt.<\/p>\n  <\/div>\n<\/section>\n\n<!-- KATEGORIE: INSTANT -->\n<section style=\"padding:5rem clamp(1rem,4vw,3rem);background:var(--bk-bg);\">\n  <div style=\"max-width:1200px;margin:0 auto;\">\n    <div style=\"display:flex;align-items:baseline;justify-content:space-between;margin-bottom:2.5rem;border-bottom:1px solid var(--bk-border);padding-bottom:1.25rem;\">\n      <div>\n        <span class=\"berger-label\">Kategorie<\/span>\n        <h2 style=\"font-size:1.75rem;margin-top:0.25rem;\">Instant-Kaffees<\/h2>\n      <\/div>\n      <a href=\"https:\/\/www.berger-kaffee-shop.ch\" style=\"font-size:0.8125rem;color:var(--bk-green);text-decoration:none;font-weight:500;\" target=\"_blank\" rel=\"noopener\">Alle im Shop \u2192<\/a>\n    <\/div>\n    <div style=\"display:grid;grid-template-columns:repeat(3,1fr);gap:1.5rem;\">\n\n      <article class=\"berger-product-card berger-animate\" data-delay=\"1\">\n        <div class=\"berger-product-card__image\" style=\"background:var(--bk-green-xlight);display:flex;align-items:center;justify-content:center;\">\n          <p style=\"color:var(--bk-green);font-size:0.8rem;padding:2rem;text-align:center;\">Produktbild<br>FINI Caf\u00e9 Classic<\/p>\n        <\/div>\n        <div class=\"berger-product-card__body\">\n          <span class=\"berger-product-card__tag\">Bestseller<\/span>\n          <h3 class=\"berger-product-card__title\">FINI Caf\u00e9 Classic<\/h3>\n          <p class=\"berger-product-card__description\">Aromatischer Getreide- und Fruchtkaffee, schnelll\u00f6slich. Bek\u00f6mmlich und f\u00fcr die ganze Familie geeignet.<\/p>\n        <\/div>\n        <div class=\"berger-product-card__footer\">\n          <a href=\"https:\/\/www.berger-kaffee-shop.ch\" class=\"wp-block-button__link\" style=\"background:var(--bk-green);color:#fff;padding:0.625rem 1.25rem;font-size:0.75rem;\" target=\"_blank\" rel=\"noopener\">Im Shop kaufen<\/a>\n        <\/div>\n      <\/article>\n\n      <article class=\"berger-product-card berger-animate\" data-delay=\"2\">\n        <div class=\"berger-product-card__image\" style=\"background:var(--bk-gold-light);display:flex;align-items:center;justify-content:center;\">\n          <p style=\"color:var(--bk-gold);font-size:0.8rem;padding:2rem;text-align:center;\">Produktbild<br>FINI Bio<\/p>\n        <\/div>\n        <div class=\"berger-product-card__body\">\n          <span class=\"berger-product-card__tag\">Bio<\/span>\n          <h3 class=\"berger-product-card__title\">FINI Bio<\/h3>\n          <p class=\"berger-product-card__description\">Bio-zertifizierter Getreidekaffee, sanft ger\u00f6stet. Das Beste aus \u00f6kologischem Anbau \u2013 f\u00fcr bewusstes Geniessen.<\/p>\n        <\/div>\n        <div class=\"berger-product-card__footer\">\n          <a href=\"https:\/\/www.berger-kaffee-shop.ch\" class=\"wp-block-button__link\" style=\"background:var(--bk-green);color:#fff;padding:0.625rem 1.25rem;font-size:0.75rem;\" target=\"_blank\" rel=\"noopener\">Im Shop kaufen<\/a>\n        <\/div>\n      <\/article>\n\n      <article class=\"berger-product-card berger-animate\" data-delay=\"3\">\n        <div class=\"berger-product-card__image\" style=\"background:var(--bk-surface);display:flex;align-items:center;justify-content:center;\">\n          <p style=\"color:var(--bk-muted);font-size:0.8rem;padding:2rem;text-align:center;\">Produktbild<br>Permesso Classic<\/p>\n        <\/div>\n        <div class=\"berger-product-card__body\">\n          <span class=\"berger-product-card__tag\">Instant<\/span>\n          <h3 class=\"berger-product-card__title\">Permesso Classic<\/h3>\n          <p class=\"berger-product-card__description\">Dinkelkaffee, gefriergetrocknet. Voller K\u00f6rper, angenehm milder Geschmack \u2013 in Sekunden zubereitet.<\/p>\n        <\/div>\n        <div class=\"berger-product-card__footer\">\n          <a href=\"https:\/\/www.berger-kaffee-shop.ch\" class=\"wp-block-button__link\" style=\"background:var(--bk-green);color:#fff;padding:0.625rem 1.25rem;font-size:0.75rem;\" target=\"_blank\" rel=\"noopener\">Im Shop kaufen<\/a>\n        <\/div>\n      <\/article>\n\n    <\/div>\n  <\/div>\n<\/section>\n\n<!-- KATEGORIE: ZUM FILTERN -->\n<section style=\"padding:0 clamp(1rem,4vw,3rem) 5rem;background:var(--bk-bg);\">\n  <div style=\"max-width:1200px;margin:0 auto;\">\n    <div style=\"display:flex;align-items:baseline;justify-content:space-between;margin-bottom:2.5rem;border-bottom:1px solid var(--bk-border);padding-bottom:1.25rem;\">\n      <div>\n        <span class=\"berger-label\">Kategorie<\/span>\n        <h2 style=\"font-size:1.75rem;margin-top:0.25rem;\">Zum Filtern<\/h2>\n      <\/div>\n      <a href=\"https:\/\/www.berger-kaffee-shop.ch\" style=\"font-size:0.8125rem;color:var(--bk-green);text-decoration:none;font-weight:500;\" target=\"_blank\" rel=\"noopener\">Alle im Shop \u2192<\/a>\n    <\/div>\n    <div style=\"display:grid;grid-template-columns:repeat(3,1fr);gap:1.5rem;\">\n\n      <article class=\"berger-product-card berger-animate\" data-delay=\"1\">\n        <div class=\"berger-product-card__image\" style=\"background:var(--bk-green-xlight);display:flex;align-items:center;justify-content:center;\">\n          <p style=\"color:var(--bk-green);font-size:0.8rem;padding:2rem;text-align:center;\">Produktbild<br>Getreidekaffee Filter<\/p>\n        <\/div>\n        <div class=\"berger-product-card__body\">\n          <span class=\"berger-product-card__tag\">Filter<\/span>\n          <h3 class=\"berger-product-card__title\">Getreidekaffee zum Filtern<\/h3>\n          <p class=\"berger-product-card__description\">F\u00fcr die Kaffeemaschine oder French Press \u2013 volles Aroma durch langsame Filtration.<\/p>\n        <\/div>\n        <div class=\"berger-product-card__footer\">\n          <a href=\"https:\/\/www.berger-kaffee-shop.ch\" class=\"wp-block-button__link\" style=\"background:var(--bk-green);color:#fff;padding:0.625rem 1.25rem;font-size:0.75rem;\" target=\"_blank\" rel=\"noopener\">Im Shop kaufen<\/a>\n        <\/div>\n      <\/article>\n\n      <article class=\"berger-product-card berger-animate\" data-delay=\"2\">\n        <div class=\"berger-product-card__image\" style=\"background:var(--bk-gold-light);display:flex;align-items:center;justify-content:center;\">\n          <p style=\"color:var(--bk-gold);font-size:0.8rem;padding:2rem;text-align:center;\">Produktbild<br>Franck Aroma<\/p>\n        <\/div>\n        <div class=\"berger-product-card__body\">\n          <span class=\"berger-product-card__tag\">Kaffee-Zusatz<\/span>\n          <h3 class=\"berger-product-card__title\">Franck Aroma<\/h3>\n          <p class=\"berger-product-card__description\">Traditioneller Kaffee-Zusatz f\u00fcr mehr Aroma und einen milderen Geschmack \u2013 bew\u00e4hrt seit Jahrzehnten.<\/p>\n        <\/div>\n        <div class=\"berger-product-card__footer\">\n          <a href=\"https:\/\/www.berger-kaffee-shop.ch\" class=\"wp-block-button__link\" style=\"background:var(--bk-green);color:#fff;padding:0.625rem 1.25rem;font-size:0.75rem;\" target=\"_blank\" rel=\"noopener\">Im Shop kaufen<\/a>\n        <\/div>\n      <\/article>\n\n      <article class=\"berger-product-card berger-animate\" data-delay=\"3\">\n        <div class=\"berger-product-card__image\" style=\"background:var(--bk-surface);display:flex;align-items:center;justify-content:center;\">\n          <p style=\"color:var(--bk-muted);font-size:0.8rem;padding:2rem;text-align:center;\">Produktbild<br>Permesso Dinkel<\/p>\n        <\/div>\n        <div class=\"berger-product-card__body\">\n          <span class=\"berger-product-card__tag\">Dinkel<\/span>\n          <h3 class=\"berger-product-card__title\">Permesso Dinkel<\/h3>\n          <p class=\"berger-product-card__description\">Dinkelkaffee zum Filtern \u2013 nussig, aromatisch, vollmundig. Ideal als Begleiter zu Geb\u00e4ck und S\u00fcssem.<\/p>\n        <\/div>\n        <div class=\"berger-product-card__footer\">\n          <a href=\"https:\/\/www.berger-kaffee-shop.ch\" class=\"wp-block-button__link\" style=\"background:var(--bk-green);color:#fff;padding:0.625rem 1.25rem;font-size:0.75rem;\" target=\"_blank\" rel=\"noopener\">Im Shop kaufen<\/a>\n        <\/div>\n      <\/article>\n\n    <\/div>\n  <\/div>\n<\/section>\n\n<!-- SHOP BANNER -->\n<section style=\"background:var(--bk-surface);padding:4rem clamp(1rem,4vw,3rem);border-top:1px solid var(--bk-border);border-bottom:1px solid var(--bk-border);\">\n  <div style=\"max-width:1200px;margin:0 auto;display:flex;align-items:center;justify-content:space-between;gap:2rem;flex-wrap:wrap;\">\n    <div>\n      <h3 style=\"font-size:1.5rem;margin-bottom:0.5rem;\">Alle Produkte direkt bestellen<\/h3>\n      <p style=\"color:var(--bk-muted);font-size:0.9375rem;\">Im Online-Shop finden Sie unser vollst\u00e4ndiges Sortiment mit Preisen und einfacher Bestellung.<\/p>\n    <\/div>\n    <a href=\"https:\/\/www.berger-kaffee-shop.ch\" class=\"wp-block-button__link\" target=\"_blank\" rel=\"noopener\">Zum Online-Shop \u2192<\/a>\n  <\/div>\n<\/section>\n","protected":false},"excerpt":{"rendered":"<p>Unser Sortiment Nat\u00fcrlich. Aromatisch. Bek\u00f6mmlich. Alle unsere Produkte sind koffeinfrei und werden mit h\u00f6chster Sorgfalt aus nat\u00fcrlichen Zutaten hergestellt. Kategorie Instant-Kaffees Alle im Shop \u2192 ProduktbildFINI Caf\u00e9 Classic Bestseller FINI Caf\u00e9 Classic Aromatischer Getreide- und Fruchtkaffee, schnelll\u00f6slich. Bek\u00f6mmlich und f\u00fcr die ganze Familie geeignet. Im Shop kaufen ProduktbildFINI Bio Bio FINI Bio Bio-zertifizierter Getreidekaffee, sanft [&hellip;]<\/p>\n","protected":false},"author":1,"featured_media":0,"parent":0,"menu_order":0,"comment_status":"closed","ping_status":"closed","template":"","meta":{"footnotes":""},"class_list":["post-28","page","type-page","status-publish","hentry"],"_links":{"self":[{"href":"https:\/\/test.gokonnekt.ch\/index.php?rest_route=\/wp\/v2\/pages\/28","targetHints":{"allow":["GET"]}}],"collection":[{"href":"https:\/\/test.gokonnekt.ch\/index.php?rest_route=\/wp\/v2\/pages"}],"about":[{"href":"https:\/\/test.gokonnekt.ch\/index.php?rest_route=\/wp\/v2\/types\/page"}],"author":[{"embeddable":true,"href":"https:\/\/test.gokonnekt.ch\/index.php?rest_route=\/wp\/v2\/users\/1"}],"replies":[{"embeddable":true,"href":"https:\/\/test.gokonnekt.ch\/index.php?rest_route=%2Fwp%2Fv2%2Fcomments&post=28"}],"version-history":[{"count":1,"href":"https:\/\/test.gokonnekt.ch\/index.php?rest_route=\/wp\/v2\/pages\/28\/revisions"}],"predecessor-version":[{"id":29,"href":"https:\/\/test.gokonnekt.ch\/index.php?rest_route=\/wp\/v2\/pages\/28\/revisions\/29"}],"wp:attachment":[{"href":"https:\/\/test.gokonnekt.ch\/index.php?rest_route=%2Fwp%2Fv2%2Fmedia&parent=28"}],"curies":[{"name":"wp","href":"https:\/\/api.w.org\/{rel}","templated":true}]}}